{"id":4491,"date":"2009-09-08T16:33:06","date_gmt":"2009-09-08T16:33:06","guid":{"rendered":"https:\/\/yannickdimont.com\/index.php\/about\/"},"modified":"2024-08-12T23:27:45","modified_gmt":"2024-08-12T21:27:45","slug":"about","status":"publish","type":"page","link":"https:\/\/yannickdimont.com\/index.php\/about\/","title":{"rendered":"About"},"content":{"rendered":"\t\t<div data-elementor-type=\"wp-page\" data-elementor-id=\"4491\" class=\"elementor elementor-4491\">\n\t\t\t\t\t\t<section class=\"elementor-section elementor-top-section elementor-element elementor-element-1681c49e elementor-section-boxed elementor-section-height-default elementor-section-height-default\" data-id=\"1681c49e\" data-element_type=\"section\">\n\t\t\t\t\t\t<div class=\"elementor-container elementor-column-gap-no\">\n\t\t\t\t\t<div class=\"elementor-column elementor-col-100 elementor-top-column elementor-element elementor-element-4a2c8b2e\" data-id=\"4a2c8b2e\" data-element_type=\"column\">\n\t\t\t<div class=\"elementor-widget-wrap elementor-element-populated\">\n\t\t\t\t\t\t<div class=\"elementor-element elementor-element-5491cd29 elementor-widget elementor-widget-heading\" data-id=\"5491cd29\" data-element_type=\"widget\" data-widget_type=\"heading.default\">\n\t\t\t\t<div class=\"elementor-widget-container\">\n\t\t\t<style>\/*! elementor - v3.23.0 - 05-08-2024 *\/\n.elementor-heading-title{padding:0;margin:0;line-height:1}.elementor-widget-heading .elementor-heading-title[class*=elementor-size-]>a{color:inherit;font-size:inherit;line-height:inherit}.elementor-widget-heading .elementor-heading-title.elementor-size-small{font-size:15px}.elementor-widget-heading .elementor-heading-title.elementor-size-medium{font-size:19px}.elementor-widget-heading .elementor-heading-title.elementor-size-large{font-size:29px}.elementor-widget-heading .elementor-heading-title.elementor-size-xl{font-size:39px}.elementor-widget-heading .elementor-heading-title.elementor-size-xxl{font-size:59px}<\/style><h2 class=\"elementor-heading-title elementor-size-default\">Qui suis-je?<\/h2>\t\t<\/div>\n\t\t\t\t<\/div>\n\t\t\t\t<div class=\"elementor-element elementor-element-ff95696 elementor-widget elementor-widget-image\" data-id=\"ff95696\" data-element_type=\"widget\" data-widget_type=\"image.default\">\n\t\t\t\t<div class=\"elementor-widget-container\">\n\t\t\t<style>\/*! elementor - v3.23.0 - 05-08-2024 *\/\n.elementor-widget-image{text-align:center}.elementor-widget-image a{display:inline-block}.elementor-widget-image a img[src$=\".svg\"]{width:48px}.elementor-widget-image img{vertical-align:middle;display:inline-block}<\/style>\t\t\t\t\t\t\t\t\t\t<img fetchpriority=\"high\" decoding=\"async\" width=\"768\" height=\"1152\" src=\"https:\/\/yannickdimont.com\/wp-content\/uploads\/2024\/05\/papa-768x1152.jpg\" class=\"attachment-medium_large size-medium_large wp-image-6156\" alt=\"\" srcset=\"https:\/\/yannickdimont.com\/wp-content\/uploads\/2024\/05\/papa-768x1152.jpg 768w, https:\/\/yannickdimont.com\/wp-content\/uploads\/2024\/05\/papa-200x300.jpg 200w, https:\/\/yannickdimont.com\/wp-content\/uploads\/2024\/05\/papa-683x1024.jpg 683w, https:\/\/yannickdimont.com\/wp-content\/uploads\/2024\/05\/papa-1024x1536.jpg 1024w, https:\/\/yannickdimont.com\/wp-content\/uploads\/2024\/05\/papa-1000x1500.jpg 1000w, https:\/\/yannickdimont.com\/wp-content\/uploads\/2024\/05\/papa-373x560.jpg 373w, https:\/\/yannickdimont.com\/wp-content\/uploads\/2024\/05\/papa-600x900.jpg 600w, https:\/\/yannickdimont.com\/wp-content\/uploads\/2024\/05\/papa.jpg 1365w\" sizes=\"(max-width: 768px) 100vw, 768px\" \/>\t\t\t\t\t\t\t\t\t\t\t\t\t<\/div>\n\t\t\t\t<\/div>\n\t\t\t\t<section class=\"elementor-section elementor-inner-section elementor-element elementor-element-41ac4f54 elementor-section-full_width elementor-section-height-default elementor-section-height-default\" data-id=\"41ac4f54\" data-element_type=\"section\">\n\t\t\t\t\t\t<div class=\"elementor-container elementor-column-gap-no\">\n\t\t\t\t\t<div class=\"elementor-column elementor-col-100 elementor-inner-column elementor-element elementor-element-3abf0d12\" data-id=\"3abf0d12\" data-element_type=\"column\">\n\t\t\t<div class=\"elementor-widget-wrap elementor-element-populated\">\n\t\t\t\t\t\t<div class=\"elementor-element elementor-element-6262b46 elementor-widget elementor-widget-text-editor\" data-id=\"6262b46\" data-element_type=\"widget\" data-widget_type=\"text-editor.default\">\n\t\t\t\t<div class=\"elementor-widget-container\">\n\t\t\t<style>\/*! elementor - v3.23.0 - 05-08-2024 *\/\n.elementor-widget-text-editor.elementor-drop-cap-view-stacked .elementor-drop-cap{background-color:#69727d;color:#fff}.elementor-widget-text-editor.elementor-drop-cap-view-framed .elementor-drop-cap{color:#69727d;border:3px solid;background-color:transparent}.elementor-widget-text-editor:not(.elementor-drop-cap-view-default) .elementor-drop-cap{margin-top:8px}.elementor-widget-text-editor:not(.elementor-drop-cap-view-default) .elementor-drop-cap-letter{width:1em;height:1em}.elementor-widget-text-editor .elementor-drop-cap{float:left;text-align:center;line-height:1;font-size:50px}.elementor-widget-text-editor .elementor-drop-cap-letter{display:inline-block}<\/style>\t\t\t\t<p><span style=\"color: #0d0d0d; font-family: ui-sans-serif, -apple-system, system-ui, 'Segoe UI', Roboto, Ubuntu, Cantarell, 'Noto Sans', sans-serif, Helvetica, 'Apple Color Emoji', Arial, 'Segoe UI Emoji', 'Segoe UI Symbol'; text-align: start; white-space-collapse: preserve;\">Je suis Yannick Dimont, chanteur, musicien, auteur-compositeur depuis plus de 30 ans. Au cours de ma carri\u00e8re musicale, j&#8217;ai eu la chance de parcourir le monde et de partager ma passion sur sc\u00e8ne lors de plus de 3000 concerts. Ces moments magiques m&#8217;ont permis de tisser des liens profonds avec mon public et de vivre des exp\u00e9riences inoubliables.<\/span><\/p>\t\t\t\t\t\t<\/div>\n\t\t\t\t<\/div>\n\t\t\t\t\t<\/div>\n\t\t<\/div>\n\t\t\t\t\t<\/div>\n\t\t<\/section>\n\t\t\t\t\t<\/div>\n\t\t<\/div>\n\t\t\t\t\t<\/div>\n\t\t<\/section>\n\t\t\t\t<section class=\"elementor-section elementor-top-section elementor-element elementor-element-764b94ea elementor-section-boxed elementor-section-height-default elementor-section-height-default\" data-id=\"764b94ea\" data-element_type=\"section\" data-settings=\"{&quot;background_background&quot;:&quot;classic&quot;}\">\n\t\t\t\t\t\t<div class=\"elementor-container elementor-column-gap-no\">\n\t\t\t\t\t<div class=\"elementor-column elementor-col-100 elementor-top-column elementor-element elementor-element-10755b2d\" data-id=\"10755b2d\" data-element_type=\"column\">\n\t\t\t<div class=\"elementor-widget-wrap elementor-element-populated\">\n\t\t\t\t\t\t<div class=\"elementor-element elementor-element-665b33ad elementor-widget elementor-widget-heading\" data-id=\"665b33ad\" data-element_type=\"widget\" data-widget_type=\"heading.default\">\n\t\t\t\t<div class=\"elementor-widget-container\">\n\t\t\t<h2 class=\"elementor-heading-title elementor-size-default\">Ma Carri\u00e8re Musicale\n<\/h2>\t\t<\/div>\n\t\t\t\t<\/div>\n\t\t<div class=\"elementor-element elementor-element-e11937c e-grid e-con-boxed e-con e-parent\" data-id=\"e11937c\" data-element_type=\"container\">\n\t\t\t\t\t<div class=\"e-con-inner\">\n\t\t\t\t<div class=\"elementor-element elementor-element-bb49512 elementor-widget elementor-widget-wpzoom-elementor-addons-image-box\" data-id=\"bb49512\" data-element_type=\"widget\" data-widget_type=\"wpzoom-elementor-addons-image-box.default\">\n\t\t\t\t<div class=\"elementor-widget-container\">\n\t\t\t\t\t<div class=\"wpzoom-elementor-addons-image-box\">\n\t\t\t<h3>\n\t\t\t\t<span class=\"wpzoom-elementor-addons-image-box-link not-linked has-image\" style=\"background-image:url('https:\/\/yannickdimont.com\/wp-content\/uploads\/2024\/05\/Musique-2.jpg');\"><span><\/span><\/span>\t\t\t<\/h3>\n\t\t<\/div><!-- \/\/.wpzoom-elementor-addons-image-box -->\n\t\t\t\t<\/div>\n\t\t\t\t<\/div>\n\t\t\t\t<div class=\"elementor-element elementor-element-503d3a7 elementor-widget elementor-widget-wpzoom-elementor-addons-image-box\" data-id=\"503d3a7\" data-element_type=\"widget\" data-widget_type=\"wpzoom-elementor-addons-image-box.default\">\n\t\t\t\t<div class=\"elementor-widget-container\">\n\t\t\t\t\t<div class=\"wpzoom-elementor-addons-image-box\">\n\t\t\t<h3>\n\t\t\t\t<span class=\"wpzoom-elementor-addons-image-box-link not-linked has-image\" style=\"background-image:url('https:\/\/yannickdimont.com\/wp-content\/uploads\/2024\/05\/musique-1.jpg');\"><span><\/span><\/span>\t\t\t<\/h3>\n\t\t<\/div><!-- \/\/.wpzoom-elementor-addons-image-box -->\n\t\t\t\t<\/div>\n\t\t\t\t<\/div>\n\t\t\t\t<div class=\"elementor-element elementor-element-6866b9f elementor-widget elementor-widget-wpzoom-elementor-addons-image-box\" data-id=\"6866b9f\" data-element_type=\"widget\" data-widget_type=\"wpzoom-elementor-addons-image-box.default\">\n\t\t\t\t<div class=\"elementor-widget-container\">\n\t\t\t\t\t<div class=\"wpzoom-elementor-addons-image-box\">\n\t\t\t<h3>\n\t\t\t\t<span class=\"wpzoom-elementor-addons-image-box-link not-linked has-image\" style=\"background-image:url('https:\/\/yannickdimont.com\/wp-content\/uploads\/2024\/05\/musique4.png');\"><span><\/span><\/span>\t\t\t<\/h3>\n\t\t<\/div><!-- \/\/.wpzoom-elementor-addons-image-box -->\n\t\t\t\t<\/div>\n\t\t\t\t<\/div>\n\t\t\t\t\t<\/div>\n\t\t\t\t<\/div>\n\t\t\t\t<div class=\"elementor-element elementor-element-67b6a4e elementor-widget elementor-widget-text-editor\" data-id=\"67b6a4e\" data-element_type=\"widget\" data-widget_type=\"text-editor.default\">\n\t\t\t\t<div class=\"elementor-widget-container\">\n\t\t\t\t\t\t\t<p>J&#8217;ai commenc\u00e9 ma carri\u00e8re en tant que chanteur et musicien, d\u00e9veloppant rapidement une passion pour la composition. Mes chansons, impr\u00e9gn\u00e9es d&#8217;\u00e9motion et de sinc\u00e9rit\u00e9, sont le reflet de mon parcours et de mes exp\u00e9riences de vie.<\/p>\n<ul>\n<li><strong>30 ans de carri\u00e8re musicale<\/strong><\/li>\n<li><strong>Plus de 3000 concerts \u00e0 travers la France et l&#8217;Europe<\/strong><\/li>\n<li><strong>48 albums acclam\u00e9s par la critique<\/strong><\/li>\n<\/ul>\t\t\t\t\t\t<\/div>\n\t\t\t\t<\/div>\n\t\t\t\t\t<\/div>\n\t\t<\/div>\n\t\t\t\t\t<\/div>\n\t\t<\/section>\n\t\t\t\t<section class=\"elementor-section elementor-top-section elementor-element elementor-element-373ba59e elementor-section-full_width elementor-section-height-default elementor-section-height-default\" data-id=\"373ba59e\" data-element_type=\"section\" data-settings=\"{&quot;background_background&quot;:&quot;classic&quot;}\">\n\t\t\t\t\t\t\t<div class=\"elementor-background-overlay\"><\/div>\n\t\t\t\t\t\t\t<div class=\"elementor-container elementor-column-gap-no\">\n\t\t\t\t\t<div class=\"elementor-column elementor-col-100 elementor-top-column elementor-element elementor-element-515d26f0\" data-id=\"515d26f0\" data-element_type=\"column\">\n\t\t\t<div class=\"elementor-widget-wrap elementor-element-populated\">\n\t\t\t\t\t\t<section class=\"elementor-section elementor-inner-section elementor-element elementor-element-7bfdc832 elementor-section-boxed elementor-section-height-default elementor-section-height-default\" data-id=\"7bfdc832\" data-element_type=\"section\">\n\t\t\t\t\t\t<div class=\"elementor-container elementor-column-gap-default\">\n\t\t\t\t\t<div class=\"elementor-column elementor-col-100 elementor-inner-column elementor-element elementor-element-7885da2e\" data-id=\"7885da2e\" data-element_type=\"column\">\n\t\t\t<div class=\"elementor-widget-wrap elementor-element-populated\">\n\t\t\t\t\t\t<div class=\"elementor-element elementor-element-3abe0cbf elementor-widget elementor-widget-heading\" data-id=\"3abe0cbf\" data-element_type=\"widget\" data-widget_type=\"heading.default\">\n\t\t\t\t<div class=\"elementor-widget-container\">\n\t\t\t<h2 class=\"elementor-heading-title elementor-size-default\">Une Nouvelle Aventure : Le Cin\u00e9ma et la Voix\n<\/h2>\t\t<\/div>\n\t\t\t\t<\/div>\n\t\t\t\t<div class=\"elementor-element elementor-element-fdba617 elementor-widget elementor-widget-text-editor\" data-id=\"fdba617\" data-element_type=\"widget\" data-widget_type=\"text-editor.default\">\n\t\t\t\t<div class=\"elementor-widget-container\">\n\t\t\t\t\t\t\t<p>Parall\u00e8lement \u00e0 ma carri\u00e8re musicale, j&#8217;ai \u00e9galement d\u00e9velopp\u00e9 une carri\u00e8re solide dans le domaine du cin\u00e9ma. Avec plus de 100 tournages \u00e0 mon actif, je ne suis plus un novice dans cette industrie. Mon amour pour le cin\u00e9ma m&#8217;a conduit \u00e0 diversifier mes talents en tant qu&#8217;acteur, com\u00e9dien de doublage, voix off et pour les publicit\u00e9s.<br \/>Le cin\u00e9ma a toujours \u00e9t\u00e9 une source d&#8217;inspiration pour moi. Cette passion m&#8217;a naturellement conduit \u00e0 m&#8217;investir pleinement dans ma carri\u00e8re d&#8217;acteur et de com\u00e9dien de doublage. Gr\u00e2ce \u00e0 mon exp\u00e9rience et \u00e0 mon sens de la narration, je peux apporter une profondeur et une authenticit\u00e9 uniques \u00e0 chacun de mes r\u00f4les.<\/p>\t\t\t\t\t\t<\/div>\n\t\t\t\t<\/div>\n\t\t\t\t\t<\/div>\n\t\t<\/div>\n\t\t\t\t\t<\/div>\n\t\t<\/section>\n\t\t\t\t<section class=\"elementor-section elementor-inner-section elementor-element elementor-element-64d36742 elementor-section-boxed elementor-section-height-default elementor-section-height-default\" data-id=\"64d36742\" data-element_type=\"section\">\n\t\t\t\t\t\t<div class=\"elementor-container elementor-column-gap-default\">\n\t\t\t\t\t<div class=\"elementor-column elementor-col-100 elementor-inner-column elementor-element elementor-element-f733277\" data-id=\"f733277\" data-element_type=\"column\">\n\t\t\t<div class=\"elementor-widget-wrap elementor-element-populated\">\n\t\t\t\t<div class=\"elementor-element elementor-element-984ac44 e-grid e-con-boxed e-con e-parent\" data-id=\"984ac44\" data-element_type=\"container\">\n\t\t\t\t\t<div class=\"e-con-inner\">\n\t\t\t\t<div class=\"elementor-element elementor-element-549e690 elementor-widget elementor-widget-wpzoom-elementor-addons-image-box\" data-id=\"549e690\" data-element_type=\"widget\" data-widget_type=\"wpzoom-elementor-addons-image-box.default\">\n\t\t\t\t<div class=\"elementor-widget-container\">\n\t\t\t\t\t<div class=\"wpzoom-elementor-addons-image-box\">\n\t\t\t<h3>\n\t\t\t\t<span class=\"wpzoom-elementor-addons-image-box-link not-linked has-image\" style=\"background-image:url('https:\/\/yannickdimont.com\/wp-content\/uploads\/2024\/05\/Acting4-e1723496376312.png');\"><span><\/span><\/span>\t\t\t<\/h3>\n\t\t<\/div><!-- \/\/.wpzoom-elementor-addons-image-box -->\n\t\t\t\t<\/div>\n\t\t\t\t<\/div>\n\t\t\t\t<div class=\"elementor-element elementor-element-3e7771e elementor-widget elementor-widget-wpzoom-elementor-addons-image-box\" data-id=\"3e7771e\" data-element_type=\"widget\" data-widget_type=\"wpzoom-elementor-addons-image-box.default\">\n\t\t\t\t<div class=\"elementor-widget-container\">\n\t\t\t\t\t<div class=\"wpzoom-elementor-addons-image-box\">\n\t\t\t<h3>\n\t\t\t\t<span class=\"wpzoom-elementor-addons-image-box-link not-linked has-image\" style=\"background-image:url('https:\/\/yannickdimont.com\/wp-content\/uploads\/2024\/05\/Acting-3.jpg');\"><span><\/span><\/span>\t\t\t<\/h3>\n\t\t<\/div><!-- \/\/.wpzoom-elementor-addons-image-box -->\n\t\t\t\t<\/div>\n\t\t\t\t<\/div>\n\t\t\t\t<div class=\"elementor-element elementor-element-037d8cd elementor-widget elementor-widget-wpzoom-elementor-addons-image-box\" data-id=\"037d8cd\" data-element_type=\"widget\" data-widget_type=\"wpzoom-elementor-addons-image-box.default\">\n\t\t\t\t<div class=\"elementor-widget-container\">\n\t\t\t\t\t<div class=\"wpzoom-elementor-addons-image-box\">\n\t\t\t<h3>\n\t\t\t\t<span class=\"wpzoom-elementor-addons-image-box-link not-linked has-image\" style=\"background-image:url('https:\/\/yannickdimont.com\/wp-content\/uploads\/2024\/05\/417702878_10232984420652655_9090522486228356740_n.jpg');\"><span><\/span><\/span>\t\t\t<\/h3>\n\t\t<\/div><!-- \/\/.wpzoom-elementor-addons-image-box -->\n\t\t\t\t<\/div>\n\t\t\t\t<\/div>\n\t\t\t\t\t<\/div>\n\t\t\t\t<\/div>\n\t\t\t\t\t<\/div>\n\t\t<\/div>\n\t\t\t\t\t<\/div>\n\t\t<\/section>\n\t\t\t\t\t<\/div>\n\t\t<\/div>\n\t\t\t\t\t<\/div>\n\t\t<\/section>\n\t\t\t\t<\/div>\n\t\t","protected":false},"excerpt":{"rendered":"<p>Qui suis-je? Je suis Yannick Dimont, chanteur, musicien, auteur-compositeur depuis plus de 30 ans. Au cours de ma carri\u00e8re musicale, j&#8217;ai eu la chance de parcourir le monde et de partager ma passion sur sc\u00e8ne lors de plus de 3000 concerts. Ces moments magiques m&#8217;ont permis de tisser des liens profonds avec mon public et de vivre des exp\u00e9riences inoubliables. Ma Carri\u00e8re Musicale J&#8217;ai commenc\u00e9 ma carri\u00e8re en tant que chanteur et musicien, d\u00e9veloppant rapidement [&hellip;]<\/p>\n","protected":false},"author":1,"featured_media":0,"parent":0,"menu_order":0,"comment_status":"closed","ping_status":"closed","template":"page-templates\/full-width-no-title.php","meta":{"footnotes":""},"class_list":["post-4491","page","type-page","status-publish","hentry"],"yoast_head":"<!-- This site is optimized with the Yoast SEO plugin v23.2 - https:\/\/yoast.com\/wordpress\/plugins\/seo\/ -->\n<title>About - Yannick Dimont<\/title>\n<meta name=\"robots\" content=\"index, follow, max-snippet:-1, max-image-preview:large, max-video-preview:-1\" \/>\n<link rel=\"canonical\" href=\"https:\/\/yannickdimont.com\/index.php\/about\/\" \/>\n<meta property=\"og:locale\" content=\"en_US\" \/>\n<meta property=\"og:type\" content=\"article\" \/>\n<meta property=\"og:title\" content=\"About - Yannick Dimont\" \/>\n<meta property=\"og:description\" content=\"Qui suis-je? Je suis Yannick Dimont, chanteur, musicien, auteur-compositeur depuis plus de 30 ans. Au cours de ma carri\u00e8re musicale, j&#8217;ai eu la chance de parcourir le monde et de partager ma passion sur sc\u00e8ne lors de plus de 3000 concerts. Ces moments magiques m&#8217;ont permis de tisser des liens profonds avec mon public et de vivre des exp\u00e9riences inoubliables. Ma Carri\u00e8re Musicale J&#8217;ai commenc\u00e9 ma carri\u00e8re en tant que chanteur et musicien, d\u00e9veloppant rapidement [&hellip;]\" \/>\n<meta property=\"og:url\" content=\"https:\/\/yannickdimont.com\/index.php\/about\/\" \/>\n<meta property=\"og:site_name\" content=\"Yannick Dimont\" \/>\n<meta property=\"article:publisher\" content=\"https:\/\/www.facebook.com\/profile.php?id=1230823683\" \/>\n<meta property=\"article:modified_time\" content=\"2024-08-12T21:27:45+00:00\" \/>\n<meta property=\"og:image\" content=\"http:\/\/yannickdimont.com\/wp-content\/uploads\/2024\/05\/papa-768x1152.jpg\" \/>\n<meta name=\"twitter:card\" content=\"summary_large_image\" \/>\n<meta name=\"twitter:label1\" content=\"Est. reading time\" \/>\n\t<meta name=\"twitter:data1\" content=\"1 minute\" \/>\n<script type=\"application\/ld+json\" class=\"yoast-schema-graph\">{\"@context\":\"https:\/\/schema.org\",\"@graph\":[{\"@type\":\"WebPage\",\"@id\":\"https:\/\/yannickdimont.com\/index.php\/about\/\",\"url\":\"https:\/\/yannickdimont.com\/index.php\/about\/\",\"name\":\"About - Yannick Dimont\",\"isPartOf\":{\"@id\":\"https:\/\/yannickdimont.com\/#website\"},\"primaryImageOfPage\":{\"@id\":\"https:\/\/yannickdimont.com\/index.php\/about\/#primaryimage\"},\"image\":{\"@id\":\"https:\/\/yannickdimont.com\/index.php\/about\/#primaryimage\"},\"thumbnailUrl\":\"http:\/\/yannickdimont.com\/wp-content\/uploads\/2024\/05\/papa-768x1152.jpg\",\"datePublished\":\"2009-09-08T16:33:06+00:00\",\"dateModified\":\"2024-08-12T21:27:45+00:00\",\"breadcrumb\":{\"@id\":\"https:\/\/yannickdimont.com\/index.php\/about\/#breadcrumb\"},\"inLanguage\":\"en-US\",\"potentialAction\":[{\"@type\":\"ReadAction\",\"target\":[\"https:\/\/yannickdimont.com\/index.php\/about\/\"]}]},{\"@type\":\"ImageObject\",\"inLanguage\":\"en-US\",\"@id\":\"https:\/\/yannickdimont.com\/index.php\/about\/#primaryimage\",\"url\":\"http:\/\/yannickdimont.com\/wp-content\/uploads\/2024\/05\/papa-768x1152.jpg\",\"contentUrl\":\"http:\/\/yannickdimont.com\/wp-content\/uploads\/2024\/05\/papa-768x1152.jpg\"},{\"@type\":\"BreadcrumbList\",\"@id\":\"https:\/\/yannickdimont.com\/index.php\/about\/#breadcrumb\",\"itemListElement\":[{\"@type\":\"ListItem\",\"position\":1,\"name\":\"Home\",\"item\":\"https:\/\/yannickdimont.com\/\"},{\"@type\":\"ListItem\",\"position\":2,\"name\":\"About\"}]},{\"@type\":\"WebSite\",\"@id\":\"https:\/\/yannickdimont.com\/#website\",\"url\":\"https:\/\/yannickdimont.com\/\",\"name\":\"Yannick Dimont\",\"description\":\"\",\"publisher\":{\"@id\":\"https:\/\/yannickdimont.com\/#organization\"},\"potentialAction\":[{\"@type\":\"SearchAction\",\"target\":{\"@type\":\"EntryPoint\",\"urlTemplate\":\"https:\/\/yannickdimont.com\/?s={search_term_string}\"},\"query-input\":\"required name=search_term_string\"}],\"inLanguage\":\"en-US\"},{\"@type\":\"Organization\",\"@id\":\"https:\/\/yannickdimont.com\/#organization\",\"name\":\"Yannick Dimont\",\"url\":\"https:\/\/yannickdimont.com\/\",\"logo\":{\"@type\":\"ImageObject\",\"inLanguage\":\"en-US\",\"@id\":\"https:\/\/yannickdimont.com\/#\/schema\/logo\/image\/\",\"url\":\"https:\/\/yannickdimont.com\/wp-content\/uploads\/2024\/08\/cropped-4223ba5f-d664-4a4d-8801-4f3891700420.jpeg\",\"contentUrl\":\"https:\/\/yannickdimont.com\/wp-content\/uploads\/2024\/08\/cropped-4223ba5f-d664-4a4d-8801-4f3891700420.jpeg\",\"width\":512,\"height\":512,\"caption\":\"Yannick Dimont\"},\"image\":{\"@id\":\"https:\/\/yannickdimont.com\/#\/schema\/logo\/image\/\"},\"sameAs\":[\"https:\/\/www.facebook.com\/profile.php?id=1230823683\",\"https:\/\/www.instagram.com\/yannickdimont\/\"]}]}<\/script>\n<!-- \/ Yoast SEO plugin. -->","yoast_head_json":{"title":"About - Yannick Dimont","robots":{"index":"index","follow":"follow","max-snippet":"max-snippet:-1","max-image-preview":"max-image-preview:large","max-video-preview":"max-video-preview:-1"},"canonical":"https:\/\/yannickdimont.com\/index.php\/about\/","og_locale":"en_US","og_type":"article","og_title":"About - Yannick Dimont","og_description":"Qui suis-je? Je suis Yannick Dimont, chanteur, musicien, auteur-compositeur depuis plus de 30 ans. Au cours de ma carri\u00e8re musicale, j&#8217;ai eu la chance de parcourir le monde et de partager ma passion sur sc\u00e8ne lors de plus de 3000 concerts. Ces moments magiques m&#8217;ont permis de tisser des liens profonds avec mon public et de vivre des exp\u00e9riences inoubliables. Ma Carri\u00e8re Musicale J&#8217;ai commenc\u00e9 ma carri\u00e8re en tant que chanteur et musicien, d\u00e9veloppant rapidement [&hellip;]","og_url":"https:\/\/yannickdimont.com\/index.php\/about\/","og_site_name":"Yannick Dimont","article_publisher":"https:\/\/www.facebook.com\/profile.php?id=1230823683","article_modified_time":"2024-08-12T21:27:45+00:00","og_image":[{"url":"http:\/\/yannickdimont.com\/wp-content\/uploads\/2024\/05\/papa-768x1152.jpg"}],"twitter_card":"summary_large_image","twitter_misc":{"Est. reading time":"1 minute"},"schema":{"@context":"https:\/\/schema.org","@graph":[{"@type":"WebPage","@id":"https:\/\/yannickdimont.com\/index.php\/about\/","url":"https:\/\/yannickdimont.com\/index.php\/about\/","name":"About - Yannick Dimont","isPartOf":{"@id":"https:\/\/yannickdimont.com\/#website"},"primaryImageOfPage":{"@id":"https:\/\/yannickdimont.com\/index.php\/about\/#primaryimage"},"image":{"@id":"https:\/\/yannickdimont.com\/index.php\/about\/#primaryimage"},"thumbnailUrl":"http:\/\/yannickdimont.com\/wp-content\/uploads\/2024\/05\/papa-768x1152.jpg","datePublished":"2009-09-08T16:33:06+00:00","dateModified":"2024-08-12T21:27:45+00:00","breadcrumb":{"@id":"https:\/\/yannickdimont.com\/index.php\/about\/#breadcrumb"},"inLanguage":"en-US","potentialAction":[{"@type":"ReadAction","target":["https:\/\/yannickdimont.com\/index.php\/about\/"]}]},{"@type":"ImageObject","inLanguage":"en-US","@id":"https:\/\/yannickdimont.com\/index.php\/about\/#primaryimage","url":"http:\/\/yannickdimont.com\/wp-content\/uploads\/2024\/05\/papa-768x1152.jpg","contentUrl":"http:\/\/yannickdimont.com\/wp-content\/uploads\/2024\/05\/papa-768x1152.jpg"},{"@type":"BreadcrumbList","@id":"https:\/\/yannickdimont.com\/index.php\/about\/#breadcrumb","itemListElement":[{"@type":"ListItem","position":1,"name":"Home","item":"https:\/\/yannickdimont.com\/"},{"@type":"ListItem","position":2,"name":"About"}]},{"@type":"WebSite","@id":"https:\/\/yannickdimont.com\/#website","url":"https:\/\/yannickdimont.com\/","name":"Yannick Dimont","description":"","publisher":{"@id":"https:\/\/yannickdimont.com\/#organization"},"potentialAction":[{"@type":"SearchAction","target":{"@type":"EntryPoint","urlTemplate":"https:\/\/yannickdimont.com\/?s={search_term_string}"},"query-input":"required name=search_term_string"}],"inLanguage":"en-US"},{"@type":"Organization","@id":"https:\/\/yannickdimont.com\/#organization","name":"Yannick Dimont","url":"https:\/\/yannickdimont.com\/","logo":{"@type":"ImageObject","inLanguage":"en-US","@id":"https:\/\/yannickdimont.com\/#\/schema\/logo\/image\/","url":"https:\/\/yannickdimont.com\/wp-content\/uploads\/2024\/08\/cropped-4223ba5f-d664-4a4d-8801-4f3891700420.jpeg","contentUrl":"https:\/\/yannickdimont.com\/wp-content\/uploads\/2024\/08\/cropped-4223ba5f-d664-4a4d-8801-4f3891700420.jpeg","width":512,"height":512,"caption":"Yannick Dimont"},"image":{"@id":"https:\/\/yannickdimont.com\/#\/schema\/logo\/image\/"},"sameAs":["https:\/\/www.facebook.com\/profile.php?id=1230823683","https:\/\/www.instagram.com\/yannickdimont\/"]}]}},"_links":{"self":[{"href":"https:\/\/yannickdimont.com\/index.php\/wp-json\/wp\/v2\/pages\/4491","targetHints":{"allow":["GET"]}}],"collection":[{"href":"https:\/\/yannickdimont.com\/index.php\/wp-json\/wp\/v2\/pages"}],"about":[{"href":"https:\/\/yannickdimont.com\/index.php\/wp-json\/wp\/v2\/types\/page"}],"author":[{"embeddable":true,"href":"https:\/\/yannickdimont.com\/index.php\/wp-json\/wp\/v2\/users\/1"}],"replies":[{"embeddable":true,"href":"https:\/\/yannickdimont.com\/index.php\/wp-json\/wp\/v2\/comments?post=4491"}],"version-history":[{"count":24,"href":"https:\/\/yannickdimont.com\/index.php\/wp-json\/wp\/v2\/pages\/4491\/revisions"}],"predecessor-version":[{"id":6334,"href":"https:\/\/yannickdimont.com\/index.php\/wp-json\/wp\/v2\/pages\/4491\/revisions\/6334"}],"wp:attachment":[{"href":"https:\/\/yannickdimont.com\/index.php\/wp-json\/wp\/v2\/media?parent=4491"}],"curies":[{"name":"wp","href":"https:\/\/api.w.org\/{rel}","templated":true}]}}